{"id":280,"date":"2026-04-22T12:16:19","date_gmt":"2026-04-22T15:16:19","guid":{"rendered":"https:\/\/agenciaizag.com\/paginas\/web23\/?page_id=280"},"modified":"2026-04-22T12:55:57","modified_gmt":"2026-04-22T15:55:57","slug":"nosotros","status":"publish","type":"page","link":"https:\/\/agenciaizag.com\/paginas\/web23\/nosotros\/","title":{"rendered":"Nosotros"},"content":{"rendered":"\t\t<div data-elementor-type=\"wp-page\" data-elementor-id=\"280\" class=\"elementor elementor-280\">\n\t\t\t\t<div class=\"elementor-element elementor-element-ca29e56 e-flex e-con-boxed e-con e-parent\" data-id=\"ca29e56\" data-element_type=\"container\" data-e-type=\"container\" data-settings=\"{&quot;jet_parallax_layout_list&quot;:[]}\">\n\t\t\t\t\t<div class=\"e-con-inner\">\n\t\t<div class=\"elementor-element elementor-element-e697920 e-con-full e-flex e-con e-child\" data-id=\"e697920\" data-element_type=\"container\" data-e-type=\"container\" data-settings=\"{&quot;jet_parallax_layout_list&quot;:[]}\">\n\t\t\t\t<div class=\"elementor-element elementor-element-5874891 elementor-widget elementor-widget-heading\" data-id=\"5874891\" data-element_type=\"widget\" data-e-type=\"widget\" data-widget_type=\"heading.default\">\n\t\t\t\t\t<h2 class=\"elementor-heading-title elementor-size-default\">Nosotros<\/h2>\t\t\t\t<\/div>\n\t\t\t\t<div class=\"elementor-element elementor-element-3512908 elementor-widget-divider--view-line elementor-widget elementor-widget-divider\" data-id=\"3512908\" data-element_type=\"widget\" data-e-type=\"widget\" data-widget_type=\"divider.default\">\n\t\t\t\t\t\t\t<div class=\"elementor-divider\">\n\t\t\t<span class=\"elementor-divider-separator\">\n\t\t\t\t\t\t<\/span>\n\t\t<\/div>\n\t\t\t\t\t\t<\/div>\n\t\t\t\t<div class=\"elementor-element elementor-element-f50d3df elementor-widget elementor-widget-text-editor\" data-id=\"f50d3df\" data-element_type=\"widget\" data-e-type=\"widget\" data-widget_type=\"text-editor.default\">\n\t\t\t\t\t\t\t\t\t<p>Management Institute.<br \/>Nuestra misi\u00f3n es la de satisfacer las necesidades de capacitaci\u00f3n en el \u00e1mbito de los negocios a empresas e individuos a trav\u00e9s de un enfoque pragm\u00e1tico y de alta calidad acad\u00e9mica haciendo uso de las tecnolog\u00edas de educaci\u00f3n m\u00e1s modernas.<\/p><p>Management Institute est\u00e1 conformado por el cuerpo directivo y acad\u00e9mico que hasta fines de 2002 se desempe\u00f1\u00f3 en la prestigiosa Escuela de Negocios de la Fundaci\u00f3n Bolsa de Comercio de Bah\u00eda Blanca.<\/p>\t\t\t\t\t\t\t\t<\/div>\n\t\t\t\t<\/div>\n\t\t<div class=\"elementor-element elementor-element-24557e0 e-con-full e-flex e-con e-child\" data-id=\"24557e0\" data-element_type=\"container\" data-e-type=\"container\" data-settings=\"{&quot;jet_parallax_layout_list&quot;:[]}\">\n\t\t\t\t<div class=\"elementor-element elementor-element-9601404 elementor-widget elementor-widget-image\" data-id=\"9601404\" data-element_type=\"widget\" data-e-type=\"widget\" data-widget_type=\"image.default\">\n\t\t\t\t\t\t\t\t\t\t\t\t\t\t\t<img fetchpriority=\"high\" decoding=\"async\" width=\"800\" height=\"534\" src=\"https:\/\/agenciaizag.com\/paginas\/web23\/wp-content\/uploads\/2026\/04\/Captura-de-pantalla-2026-04-22-113359-1024x683.jpg\" class=\"attachment-large size-large wp-image-246\" alt=\"\" srcset=\"https:\/\/agenciaizag.com\/paginas\/web23\/wp-content\/uploads\/2026\/04\/Captura-de-pantalla-2026-04-22-113359-1024x683.jpg 1024w, https:\/\/agenciaizag.com\/paginas\/web23\/wp-content\/uploads\/2026\/04\/Captura-de-pantalla-2026-04-22-113359-300x200.jpg 300w, https:\/\/agenciaizag.com\/paginas\/web23\/wp-content\/uploads\/2026\/04\/Captura-de-pantalla-2026-04-22-113359-768x512.jpg 768w, https:\/\/agenciaizag.com\/paginas\/web23\/wp-content\/uploads\/2026\/04\/Captura-de-pantalla-2026-04-22-113359.jpg 1342w\" sizes=\"(max-width: 800px) 100vw, 800px\" \/>\t\t\t\t\t\t\t\t\t\t\t\t\t\t\t<\/div>\n\t\t\t\t<\/div>\n\t\t\t\t\t<\/div>\n\t\t\t\t<\/div>\n\t\t\t\t<\/div>\n\t\t","protected":false},"excerpt":{"rendered":"<p>Nosotros Management Institute.Nuestra misi\u00f3n es la de satisfacer las necesidades de capacitaci\u00f3n en el \u00e1mbito de los negocios a empresas e individuos a trav\u00e9s de un enfoque pragm\u00e1tico y de alta calidad acad\u00e9mica haciendo uso de las tecnolog\u00edas de educaci\u00f3n m\u00e1s modernas. Management Institute est\u00e1 conformado por el cuerpo directivo y acad\u00e9mico que hasta fines [&hellip;]<\/p>\n","protected":false},"author":1,"featured_media":0,"parent":0,"menu_order":0,"comment_status":"closed","ping_status":"closed","template":"elementor_header_footer","meta":{"footnotes":""},"class_list":["post-280","page","type-page","status-publish","hentry"],"_links":{"self":[{"href":"https:\/\/agenciaizag.com\/paginas\/web23\/wp-json\/wp\/v2\/pages\/280","targetHints":{"allow":["GET"]}}],"collection":[{"href":"https:\/\/agenciaizag.com\/paginas\/web23\/wp-json\/wp\/v2\/pages"}],"about":[{"href":"https:\/\/agenciaizag.com\/paginas\/web23\/wp-json\/wp\/v2\/types\/page"}],"author":[{"embeddable":true,"href":"https:\/\/agenciaizag.com\/paginas\/web23\/wp-json\/wp\/v2\/users\/1"}],"replies":[{"embeddable":true,"href":"https:\/\/agenciaizag.com\/paginas\/web23\/wp-json\/wp\/v2\/comments?post=280"}],"version-history":[{"count":13,"href":"https:\/\/agenciaizag.com\/paginas\/web23\/wp-json\/wp\/v2\/pages\/280\/revisions"}],"predecessor-version":[{"id":360,"href":"https:\/\/agenciaizag.com\/paginas\/web23\/wp-json\/wp\/v2\/pages\/280\/revisions\/360"}],"wp:attachment":[{"href":"https:\/\/agenciaizag.com\/paginas\/web23\/wp-json\/wp\/v2\/media?parent=280"}],"curies":[{"name":"wp","href":"https:\/\/api.w.org\/{rel}","templated":true}]}}