{"id":551,"date":"2026-04-22T19:53:06","date_gmt":"2026-04-22T22:53:06","guid":{"rendered":"https:\/\/agenciaizag.com\/paginas\/web23\/?page_id=551"},"modified":"2026-04-22T19:57:57","modified_gmt":"2026-04-22T22:57:57","slug":"curso-mandatario-automotor","status":"publish","type":"page","link":"https:\/\/agenciaizag.com\/paginas\/web23\/curso-mandatario-automotor\/","title":{"rendered":"Curso Mandatario Automotor"},"content":{"rendered":"\t\t<div data-elementor-type=\"wp-page\" data-elementor-id=\"551\" class=\"elementor elementor-551\">\n\t\t\t\t<div class=\"elementor-element elementor-element-50e9b35b e-flex e-con-boxed e-con e-parent\" data-id=\"50e9b35b\" data-element_type=\"container\" data-e-type=\"container\" data-settings=\"{&quot;background_background&quot;:&quot;classic&quot;,&quot;jet_parallax_layout_list&quot;:[]}\">\n\t\t\t\t\t<div class=\"e-con-inner\">\n\t\t\t\t<div class=\"elementor-element elementor-element-f04c75f elementor-widget elementor-widget-heading\" data-id=\"f04c75f\" data-element_type=\"widget\" data-e-type=\"widget\" data-widget_type=\"heading.default\">\n\t\t\t\t\t<h2 class=\"elementor-heading-title elementor-size-default\">Curso Mandatario Automotor<\/h2>\t\t\t\t<\/div>\n\t\t\t\t<div class=\"elementor-element elementor-element-4c696815 elementor-widget elementor-widget-image\" data-id=\"4c696815\" data-element_type=\"widget\" data-e-type=\"widget\" data-widget_type=\"image.default\">\n\t\t\t\t\t\t\t\t\t\t\t\t\t\t\t<img fetchpriority=\"high\" decoding=\"async\" width=\"500\" height=\"200\" src=\"https:\/\/agenciaizag.com\/paginas\/web23\/wp-content\/uploads\/2026\/04\/logo_funicomapu.png\" class=\"attachment-large size-large wp-image-255\" alt=\"\" srcset=\"https:\/\/agenciaizag.com\/paginas\/web23\/wp-content\/uploads\/2026\/04\/logo_funicomapu.png 500w, https:\/\/agenciaizag.com\/paginas\/web23\/wp-content\/uploads\/2026\/04\/logo_funicomapu-300x120.png 300w\" sizes=\"(max-width: 500px) 100vw, 500px\" \/>\t\t\t\t\t\t\t\t\t\t\t\t\t\t\t<\/div>\n\t\t<div class=\"elementor-element elementor-element-64b40be3 e-grid e-con-full e-con e-child\" data-id=\"64b40be3\" data-element_type=\"container\" data-e-type=\"container\" data-settings=\"{&quot;jet_parallax_layout_list&quot;:[]}\">\n\t\t\t\t<div class=\"elementor-element elementor-element-4c85fd6 elementor-view-default elementor-position-block-start elementor-mobile-position-block-start elementor-widget elementor-widget-icon-box\" data-id=\"4c85fd6\" data-element_type=\"widget\" data-e-type=\"widget\" data-widget_type=\"icon-box.default\">\n\t\t\t\t\t\t\t<div class=\"elementor-icon-box-wrapper\">\n\n\t\t\t\t\t\t<div class=\"elementor-icon-box-icon\">\n\t\t\t\t<span  class=\"elementor-icon\">\n\t\t\t\t<svg aria-hidden=\"true\" class=\"e-font-icon-svg e-fas-calendar-alt\" viewBox=\"0 0 448 512\" xmlns=\"http:\/\/www.w3.org\/2000\/svg\"><path d=\"M0 464c0 26.5 21.5 48 48 48h352c26.5 0 48-21.5 48-48V192H0v272zm320-196c0-6.6 5.4-12 12-12h40c6.6 0 12 5.4 12 12v40c0 6.6-5.4 12-12 12h-40c-6.6 0-12-5.4-12-12v-40zm0 128c0-6.6 5.4-12 12-12h40c6.6 0 12 5.4 12 12v40c0 6.6-5.4 12-12 12h-40c-6.6 0-12-5.4-12-12v-40zM192 268c0-6.6 5.4-12 12-12h40c6.6 0 12 5.4 12 12v40c0 6.6-5.4 12-12 12h-40c-6.6 0-12-5.4-12-12v-40zm0 128c0-6.6 5.4-12 12-12h40c6.6 0 12 5.4 12 12v40c0 6.6-5.4 12-12 12h-40c-6.6 0-12-5.4-12-12v-40zM64 268c0-6.6 5.4-12 12-12h40c6.6 0 12 5.4 12 12v40c0 6.6-5.4 12-12 12H76c-6.6 0-12-5.4-12-12v-40zm0 128c0-6.6 5.4-12 12-12h40c6.6 0 12 5.4 12 12v40c0 6.6-5.4 12-12 12H76c-6.6 0-12-5.4-12-12v-40zM400 64h-48V16c0-8.8-7.2-16-16-16h-32c-8.8 0-16 7.2-16 16v48H160V16c0-8.8-7.2-16-16-16h-32c-8.8 0-16 7.2-16 16v48H48C21.5 64 0 85.5 0 112v48h448v-48c0-26.5-21.5-48-48-48z\"><\/path><\/svg>\t\t\t\t<\/span>\n\t\t\t<\/div>\n\t\t\t\n\t\t\t\t\t\t<div class=\"elementor-icon-box-content\">\n\n\t\t\t\t\t\t\t\t\t<h3 class=\"elementor-icon-box-title\">\n\t\t\t\t\t\t<span  >\n\t\t\t\t\t\t\tFecha Inicio: S\u00e1bado 27\/07\/24 de 9:00 a 14:00\t\t\t\t\t\t<\/span>\n\t\t\t\t\t<\/h3>\n\t\t\t\t\n\t\t\t\t\n\t\t\t<\/div>\n\t\t\t\n\t\t<\/div>\n\t\t\t\t\t\t<\/div>\n\t\t\t\t<div class=\"elementor-element elementor-element-4419adc5 elementor-view-default elementor-position-block-start elementor-mobile-position-block-start elementor-widget elementor-widget-icon-box\" data-id=\"4419adc5\" data-element_type=\"widget\" data-e-type=\"widget\" data-widget_type=\"icon-box.default\">\n\t\t\t\t\t\t\t<div class=\"elementor-icon-box-wrapper\">\n\n\t\t\t\t\t\t<div class=\"elementor-icon-box-icon\">\n\t\t\t\t<span  class=\"elementor-icon\">\n\t\t\t\t<svg aria-hidden=\"true\" class=\"e-font-icon-svg e-fas-street-view\" viewBox=\"0 0 512 512\" xmlns=\"http:\/\/www.w3.org\/2000\/svg\"><path d=\"M367.9 329.76c-4.62 5.3-9.78 10.1-15.9 13.65v22.94c66.52 9.34 112 28.05 112 49.65 0 30.93-93.12 56-208 56S48 446.93 48 416c0-21.6 45.48-40.3 112-49.65v-22.94c-6.12-3.55-11.28-8.35-15.9-13.65C58.87 345.34 0 378.05 0 416c0 53.02 114.62 96 256 96s256-42.98 256-96c0-37.95-58.87-70.66-144.1-86.24zM256 128c35.35 0 64-28.65 64-64S291.35 0 256 0s-64 28.65-64 64 28.65 64 64 64zm-64 192v96c0 17.67 14.33 32 32 32h64c17.67 0 32-14.33 32-32v-96c17.67 0 32-14.33 32-32v-96c0-26.51-21.49-48-48-48h-11.8c-11.07 5.03-23.26 8-36.2 8s-25.13-2.97-36.2-8H208c-26.51 0-48 21.49-48 48v96c0 17.67 14.33 32 32 32z\"><\/path><\/svg>\t\t\t\t<\/span>\n\t\t\t<\/div>\n\t\t\t\n\t\t\t\t\t\t<div class=\"elementor-icon-box-content\">\n\n\t\t\t\t\t\t\t\t\t<h3 class=\"elementor-icon-box-title\">\n\t\t\t\t\t\t<span  >\n\t\t\t\t\t\t\tA distancia\t\t\t\t\t\t<\/span>\n\t\t\t\t\t<\/h3>\n\t\t\t\t\n\t\t\t\t\n\t\t\t<\/div>\n\t\t\t\n\t\t<\/div>\n\t\t\t\t\t\t<\/div>\n\t\t\t\t<div class=\"elementor-element elementor-element-126d58e0 elementor-view-default elementor-position-block-start elementor-mobile-position-block-start elementor-widget elementor-widget-icon-box\" data-id=\"126d58e0\" data-element_type=\"widget\" data-e-type=\"widget\" data-widget_type=\"icon-box.default\">\n\t\t\t\t\t\t\t<div class=\"elementor-icon-box-wrapper\">\n\n\t\t\t\t\t\t<div class=\"elementor-icon-box-icon\">\n\t\t\t\t<span  class=\"elementor-icon\">\n\t\t\t\t<svg aria-hidden=\"true\" class=\"e-font-icon-svg e-far-clock\" viewBox=\"0 0 512 512\" xmlns=\"http:\/\/www.w3.org\/2000\/svg\"><path d=\"M256 8C119 8 8 119 8 256s111 248 248 248 248-111 248-248S393 8 256 8zm0 448c-110.5 0-200-89.5-200-200S145.5 56 256 56s200 89.5 200 200-89.5 200-200 200zm61.8-104.4l-84.9-61.7c-3.1-2.3-4.9-5.9-4.9-9.7V116c0-6.6 5.4-12 12-12h32c6.6 0 12 5.4 12 12v141.7l66.8 48.6c5.4 3.9 6.5 11.4 2.6 16.8L334.6 349c-3.9 5.3-11.4 6.5-16.8 2.6z\"><\/path><\/svg>\t\t\t\t<\/span>\n\t\t\t<\/div>\n\t\t\t\n\t\t\t\t\t\t<div class=\"elementor-icon-box-content\">\n\n\t\t\t\t\t\t\t\t\t<h3 class=\"elementor-icon-box-title\">\n\t\t\t\t\t\t<span  >\n\t\t\t\t\t\t\tDuraci\u00f3n 5 cuatrimestres\t\t\t\t\t\t<\/span>\n\t\t\t\t\t<\/h3>\n\t\t\t\t\n\t\t\t\t\n\t\t\t<\/div>\n\t\t\t\n\t\t<\/div>\n\t\t\t\t\t\t<\/div>\n\t\t\t\t<div class=\"elementor-element elementor-element-55636cc4 elementor-view-default elementor-position-block-start elementor-mobile-position-block-start elementor-widget elementor-widget-icon-box\" data-id=\"55636cc4\" data-element_type=\"widget\" data-e-type=\"widget\" data-widget_type=\"icon-box.default\">\n\t\t\t\t\t\t\t<div class=\"elementor-icon-box-wrapper\">\n\n\t\t\t\t\t\t<div class=\"elementor-icon-box-icon\">\n\t\t\t\t<span  class=\"elementor-icon\">\n\t\t\t\t<svg aria-hidden=\"true\" class=\"e-font-icon-svg e-far-calendar-check\" viewBox=\"0 0 448 512\" xmlns=\"http:\/\/www.w3.org\/2000\/svg\"><path d=\"M400 64h-48V12c0-6.627-5.373-12-12-12h-40c-6.627 0-12 5.373-12 12v52H160V12c0-6.627-5.373-12-12-12h-40c-6.627 0-12 5.373-12 12v52H48C21.49 64 0 85.49 0 112v352c0 26.51 21.49 48 48 48h352c26.51 0 48-21.49 48-48V112c0-26.51-21.49-48-48-48zm-6 400H54a6 6 0 0 1-6-6V160h352v298a6 6 0 0 1-6 6zm-52.849-200.65L198.842 404.519c-4.705 4.667-12.303 4.637-16.971-.068l-75.091-75.699c-4.667-4.705-4.637-12.303.068-16.971l22.719-22.536c4.705-4.667 12.303-4.637 16.97.069l44.104 44.461 111.072-110.181c4.705-4.667 12.303-4.637 16.971.068l22.536 22.718c4.667 4.705 4.636 12.303-.069 16.97z\"><\/path><\/svg>\t\t\t\t<\/span>\n\t\t\t<\/div>\n\t\t\t\n\t\t\t\t\t\t<div class=\"elementor-icon-box-content\">\n\n\t\t\t\t\t\t\t\t\t<h3 class=\"elementor-icon-box-title\">\n\t\t\t\t\t\t<span  >\n\t\t\t\t\t\t\t16 asignaturas\t\t\t\t\t\t<\/span>\n\t\t\t\t\t<\/h3>\n\t\t\t\t\n\t\t\t\t\n\t\t\t<\/div>\n\t\t\t\n\t\t<\/div>\n\t\t\t\t\t\t<\/div>\n\t\t\t\t<\/div>\n\t\t\t\t\t<\/div>\n\t\t\t\t<\/div>\n\t\t<div class=\"elementor-element elementor-element-6343ee3e e-flex e-con-boxed e-con e-parent\" data-id=\"6343ee3e\" data-element_type=\"container\" data-e-type=\"container\" data-settings=\"{&quot;jet_parallax_layout_list&quot;:[]}\">\n\t\t\t\t\t<div class=\"e-con-inner\">\n\t\t<div class=\"elementor-element elementor-element-23f568d3 e-con-full e-flex e-con e-child\" data-id=\"23f568d3\" data-element_type=\"container\" data-e-type=\"container\" data-settings=\"{&quot;jet_parallax_layout_list&quot;:[]}\">\n\t\t\t\t<div class=\"elementor-element elementor-element-48e82cb0 elementor-widget elementor-widget-image\" data-id=\"48e82cb0\" data-element_type=\"widget\" data-e-type=\"widget\" data-widget_type=\"image.default\">\n\t\t\t\t\t\t\t\t\t\t\t\t\t\t\t<img decoding=\"async\" width=\"500\" height=\"500\" src=\"https:\/\/agenciaizag.com\/paginas\/web23\/wp-content\/uploads\/2026\/04\/mandatario-slide.jpg\" class=\"attachment-large size-large wp-image-343\" alt=\"\" srcset=\"https:\/\/agenciaizag.com\/paginas\/web23\/wp-content\/uploads\/2026\/04\/mandatario-slide.jpg 500w, https:\/\/agenciaizag.com\/paginas\/web23\/wp-content\/uploads\/2026\/04\/mandatario-slide-300x300.jpg 300w, https:\/\/agenciaizag.com\/paginas\/web23\/wp-content\/uploads\/2026\/04\/mandatario-slide-150x150.jpg 150w\" sizes=\"(max-width: 500px) 100vw, 500px\" \/>\t\t\t\t\t\t\t\t\t\t\t\t\t\t\t<\/div>\n\t\t\t\t<\/div>\n\t\t<div class=\"elementor-element elementor-element-2080b410 e-con-full e-flex e-con e-child\" data-id=\"2080b410\" data-element_type=\"container\" data-e-type=\"container\" data-settings=\"{&quot;jet_parallax_layout_list&quot;:[]}\">\n\t\t\t\t<div class=\"elementor-element elementor-element-28bd4485 elementor-widget elementor-widget-heading\" data-id=\"28bd4485\" data-element_type=\"widget\" data-e-type=\"widget\" data-widget_type=\"heading.default\">\n\t\t\t\t\t<h2 class=\"elementor-heading-title elementor-size-default\">Inscripci\u00f3n<\/h2>\t\t\t\t<\/div>\n\t\t\t\t<div class=\"elementor-element elementor-element-6d9da5db elementor-widget-divider--view-line elementor-widget elementor-widget-divider\" data-id=\"6d9da5db\" data-element_type=\"widget\" data-e-type=\"widget\" data-widget_type=\"divider.default\">\n\t\t\t\t\t\t\t<div class=\"elementor-divider\">\n\t\t\t<span class=\"elementor-divider-separator\">\n\t\t\t\t\t\t<\/span>\n\t\t<\/div>\n\t\t\t\t\t\t<\/div>\n\t\t\t\t<div class=\"elementor-element elementor-element-54b49ae0 elementor-widget elementor-widget-text-editor\" data-id=\"54b49ae0\" data-element_type=\"widget\" data-e-type=\"widget\" data-widget_type=\"text-editor.default\">\n\t\t\t\t\t\t\t\t\t<p>Envianos por mail o whatsapp (haciendo click en el bot\u00f3n de whatsapp abajo a la derecha) tu nombre completo y diciendo que quer\u00e9s inscribirte en el curso Mandatario del Automotor. A partir de ah\u00ed te contactaremos y enviaremos la documentaci\u00f3n a completar y pasos para el pago de la matr\u00edcula de inscripci\u00f3n para asignarte una de las vacantes.<\/p><p>Requisitos de ingreso<br \/>Ser mayor de 18 a\u00f1os,<\/p><p>No tener antecedentes penales.<\/p><p>T\u00edtulo secundario.<\/p>\t\t\t\t\t\t\t\t<\/div>\n\t\t\t\t<\/div>\n\t\t\t\t\t<\/div>\n\t\t\t\t<\/div>\n\t\t<div class=\"elementor-element elementor-element-6b1fad34 e-flex e-con-boxed e-con e-parent\" data-id=\"6b1fad34\" data-element_type=\"container\" data-e-type=\"container\" data-settings=\"{&quot;jet_parallax_layout_list&quot;:[]}\">\n\t\t\t\t\t<div class=\"e-con-inner\">\n\t\t<div class=\"elementor-element elementor-element-45d480a1 e-con-full e-flex e-con e-child\" data-id=\"45d480a1\" data-element_type=\"container\" data-e-type=\"container\" data-settings=\"{&quot;jet_parallax_layout_list&quot;:[]}\">\n\t\t\t\t<div class=\"elementor-element elementor-element-45fb92b7 elementor-widget elementor-widget-heading\" data-id=\"45fb92b7\" data-element_type=\"widget\" data-e-type=\"widget\" data-widget_type=\"heading.default\">\n\t\t\t\t\t<h2 class=\"elementor-heading-title elementor-size-default\">Objetivos<\/h2>\t\t\t\t<\/div>\n\t\t\t\t<div class=\"elementor-element elementor-element-36828018 elementor-widget-divider--view-line elementor-widget elementor-widget-divider\" data-id=\"36828018\" data-element_type=\"widget\" data-e-type=\"widget\" data-widget_type=\"divider.default\">\n\t\t\t\t\t\t\t<div class=\"elementor-divider\">\n\t\t\t<span class=\"elementor-divider-separator\">\n\t\t\t\t\t\t<\/span>\n\t\t<\/div>\n\t\t\t\t\t\t<\/div>\n\t\t\t\t<div class=\"elementor-element elementor-element-7485a97a elementor-widget elementor-widget-text-editor\" data-id=\"7485a97a\" data-element_type=\"widget\" data-e-type=\"widget\" data-widget_type=\"text-editor.default\">\n\t\t\t\t\t\t\t\t\t<p>Breve descripci\u00f3n del campo laboral: inscripciones iniciales de 0 Km, transferencia de usados, bajas y altas de motor, chasis y tubos de gas, inscripci\u00f3n de prendas. Asesoramiento en compras-ventas-prendas de veh\u00edculos, en el campo automotor, as\u00ed sea: veh\u00edculos de carga, moto veh\u00edculos, automotores, maquinaria agr\u00edcola, maquinaria vial, maquinaria industrial.<\/p><p>A quienes est\u00e1 dirigido: Dirigido a toda persona interesada en incorporarse al mercado laboral en forma independiente a trav\u00e9s de la prestaci\u00f3n de servicios de gestor\u00eda automotor, o bien en relaci\u00f3n laboral en empresas vinculadas a la comercializaci\u00f3n de veh\u00edculos.<\/p><p>Modalidad de cursado<br \/>Clases presenciales todos los s\u00e1bados, con inicio el 27\/07\/24.<\/p><p>Duraci\u00f3n 5 meses<\/p><p>Las mismas son te\u00f3rico pr\u00e1cticas a cargo de profesores Mandatarios con vasta experiencia en la actividad profesional. La totalidad del curso est\u00e1 a cargo de la Fundaci\u00f3n FUNICOMAPU.<\/p><p>Existe tambi\u00e9n la posibilidad de cursado semanal (se informa en cada curso que inicia la modalidad de cursado para el mismo).<\/p><p>Al iniciar la cursada se le otorgar\u00e1 a cada alumno acceso al campus virtual donde encontrar\u00e1 el material de estudio.<\/p><p>Matr\u00edcula nacional habilitante<br \/>Al finalizar el cursado, y luego de aprobado el examen de suficiencia, se completar\u00e1 el legajo con la documentaci\u00f3n solicitada para tramitar la matr\u00edcula nacional habilitante ante la DNRPA.<\/p>\t\t\t\t\t\t\t\t<\/div>\n\t\t\t\t<\/div>\n\t\t<div class=\"elementor-element elementor-element-4113b04b e-con-full e-flex e-con e-child\" data-id=\"4113b04b\" data-element_type=\"container\" data-e-type=\"container\" data-settings=\"{&quot;jet_parallax_layout_list&quot;:[]}\">\n\t\t\t\t<div class=\"elementor-element elementor-element-145fae7a elementor-widget elementor-widget-heading\" data-id=\"145fae7a\" data-element_type=\"widget\" data-e-type=\"widget\" data-widget_type=\"heading.default\">\n\t\t\t\t\t<h2 class=\"elementor-heading-title elementor-size-default\">Plan de estudio<\/h2>\t\t\t\t<\/div>\n\t\t\t\t<div class=\"elementor-element elementor-element-266920fa elementor-widget-divider--view-line elementor-widget elementor-widget-divider\" data-id=\"266920fa\" data-element_type=\"widget\" data-e-type=\"widget\" data-widget_type=\"divider.default\">\n\t\t\t\t\t\t\t<div class=\"elementor-divider\">\n\t\t\t<span class=\"elementor-divider-separator\">\n\t\t\t\t\t\t<\/span>\n\t\t<\/div>\n\t\t\t\t\t\t<\/div>\n\t\t\t\t<div class=\"elementor-element elementor-element-1ef799e7 elementor-widget elementor-widget-text-editor\" data-id=\"1ef799e7\" data-element_type=\"widget\" data-e-type=\"widget\" data-widget_type=\"text-editor.default\">\n\t\t\t\t\t\t\t\t\t<p>UNIDAD N\u00ba 1 Direcci\u00f3n Nacional de los Registros Nacionales de la Propiedad del Automotor y de Cr\u00e9ditos Prendarios. Su ubicaci\u00f3n en el organigrama de la Administraci\u00f3n P\u00fablica Nacional. Su actuaci\u00f3n como \u00f3rgano de aplicaci\u00f3n y control de las Normas T\u00e9cnico Registrales. Divisi\u00f3n en Departamentos y Coordinaciones. Autoridades. Los Registros Seccionales.<\/p><p>UNIDAD N\u00ba 2 R\u00e9gimen Jur\u00eddico del Automotor (Decreto Ley 6582\/58 y Modificatorias), El Decreto N\u00b0 335\/88. El recurso Judicial directo. Procedencia y plazo. Qu\u00e9 es el Digesto de Normas T\u00e9cnico \u2013 Registrales. Disposiciones, Circulares y Dict\u00e1menes. Legislaci\u00f3n aplicable a la compraventa de automotores.<\/p><p>UNIDAD N\u00ba 3 Solicitudes Tipo. Clases. Expedici\u00f3n. Validez. Presentaci\u00f3n y recepci\u00f3n. Cargo. Mero presentante. Aranceles. Validez. Los peticionarios. Formas de acreditaci\u00f3n de personer\u00eda para las personas f\u00edsicas, jur\u00eddicas y organismos oficiales. El retiro de la documentaci\u00f3n. Apoderados. Poderes especiales y generales. Plazo de validez de los poderes especiales. Cuando corresponde su legalizaci\u00f3n. Certificaci\u00f3n de firmas con y sin acreditaci\u00f3n de personer\u00eda.<\/p><p>UNIDAD N\u00ba 4 Radicaci\u00f3n de los Automotores. El domicilio seg\u00fan el C\u00f3digo Civil. Formas de acreditar el domicilio para las personas de existencia visible y las de existencia ideal. Guarda habitual. Conformidad para la determinaci\u00f3n del domicilio en el condominio y en la indivisi\u00f3n hereditaria. Identificaci\u00f3n del automotor. Las placas de identificaci\u00f3n met\u00e1lica y placas provisorias. Grabado de Cristales.<\/p><p>UNIDAD N\u00ba5 La verificaci\u00f3n f\u00edsica de los automotores. Donde corresponde verificar. Quienes pueden verificar y documentaci\u00f3n a presentar. Tr\u00e1mites exceptuados de la verificaci\u00f3n. Verificaciones observadas. Casos en que procede la orden grabado de RPA\/RPM. Plazo de validez de la verificaci\u00f3n. El consentimiento conyugal. Art\u00edculo 1277 de C\u00f3digo Civil. Modos de prestaci\u00f3n. El legajo \u201cA\u201d y \u201cB\u201d. La hoja de registro. Presentaci\u00f3n de oficios, c\u00e9dulas y testimonios Judiciales en el Registro y su constataci\u00f3n.<\/p><p>UNIDAD N\u00ba 6 Registros de Mandatarios. Incompatibilidades. Revalidaci\u00f3n anual de la matricula. Credenciales condicionales. Obligaciones. Derechos. La mesa diferenciada en los Registros. El art\u00edculo 16 del T\u00edtulo I, Cap\u00edtulo XII del D.N.T.R. La Disposici\u00f3n D.N. N\u00b0 79\/04<\/p><p>UNIDAD N\u00ba 7 Inscripci\u00f3n inicial de automotores 0 Km de fabricaci\u00f3n nacional. El certificado de fabricaci\u00f3n. Solicitud Tipo \u201c01\u201d. Inscripci\u00f3n inicial de automotores importados. Constataci\u00f3n del certificado de importaci\u00f3n. Robo, hurto o extrav\u00edo del certificado de nacionalizaci\u00f3n. Inscripci\u00f3n inicial de automotores ingresados al amparo de la Ley N\u00b0 21.923. Inscripci\u00f3n inicial de automotores afectados al r\u00e9gimen de la Ley N\u00b0 19.640. Inscripci\u00f3n inicial de automotores importados con nacionalizaci\u00f3n temporaria. Inscripci\u00f3n inicial de automotores para discapacitados. Inscripci\u00f3n inicial de automotores nacionales adquiridos por el r\u00e9gimen de la Ley N\u00b0 19.486.<\/p><p>UNIDAD N\u00ba 8 Inscripci\u00f3n Inicial de automotores importados por diplom\u00e1ticos extranjeros. Inscripci\u00f3n inicial de automotores importados usados ingresados por ciudadanos argentinos y por funcionarios del servicio exterior. Inscripci\u00f3n inicial de automotores de funcionarios argentinos en misi\u00f3n oficial en el exterior y de ciudadanos extranjeros con radicaci\u00f3n en el pa\u00eds. Inscripci\u00f3n inicial de automotores armados fuera de fabrica, subastados, automotores cl\u00e1sicos, adjudicados por rifas. Inscripci\u00f3n inicial de automotores ingresados bajo el r\u00e9gimen de la Ley N\u00b0 2151\/92 (utilitarios) y los ingresados bajo el amparo del Decreto N\u00b0 1628\/93 (unidades de transportes de pasajeros).<\/p><p>UNIDAD N\u00ba 9 Trasferencia del dominio. La solicitud Tipo \u201c08\u201d. Transferencia por escritura p\u00fablica. Transferencia ordenada por autoridad judicial en juicio sucesorio y en toda clase de juicio o procedimientos judiciales. Trasferencia ordenada como consecuencia de una subasta p\u00fablica. Transferencia de presentaci\u00f3n simult\u00e1nea. Transferencia a favor del comerciante habitualista. Transferencia por fusi\u00f3n de sociedades o escisi\u00f3n de su patrimonio. Transferencia con \u201c08E\u201d. Transferencia en dominio fiduciario. Transferencia condicionada a la inscripci\u00f3n de un contrato de prenda.<\/p><p>UNIDAD N\u00ba 10 Alta y baja de carrocer\u00eda. Cambio de tipo de carrocer\u00eda, cambio del tipo y anotaci\u00f3n de la desafectaci\u00f3n del automotor al r\u00e9gimen de la Ley N\u00b0 19.640. Denuncia de robo o hurto. Recupero. Denuncia de venta. Notificaci\u00f3n de recupero del automotor objeto de una denuncia de venta. Denuncia de compra. Cambio de uso.<\/p><p>UNIDAD N\u00ba 11 Baja del automotor. Baja y alta d motor. Cambio de radicaci\u00f3n y de domicilio. Del chasis y del cuadro. Expedici\u00f3n de duplicado de certificado de baja y y de baja para desguace y destrucci\u00f3n. Baja del automotor para su desguace y destrucci\u00f3n en centros habilitados. Motores para sustituci\u00f3n provisoria. Alta, baja y cambio de cilindro para almacenamiento de gas natural comprimido. Registro \u00danico de desarmaderos. R\u00e9gimen legal para el desarmado de automotores y venta de sus autopartes. Ley 25.761 y el Decreto Reglamentario N\u00b0 744\/04. Disposici\u00f3n DN N\u00b0 527\/04 y modificatorias.<\/p><p>UNIDAD N\u00ba 12 Certificado de Estado de Dominio. Reserva de Prioridad ( art\u00edculo 16\u00b0 de R\u00e9gimen Jur\u00eddico de Automotor). Informes de estado de dominio. Consulta de legajo. Facultad del mandatario con la matricula vigente. Expedici\u00f3n de constancias registrales. Rectificaci\u00f3n de datos: de identidad, al estado civil del titular, a la disponibilidad del bien, al motor, chasis o cuadro. Disposiciones comunes.<\/p><p>UNIDAD N\u00ba 13 Comerciantes habitualistas. Categor\u00edas. Concesionarios oficiales. Prestaci\u00f3n de servicios especiales. Del titulo del automotor. Expedici\u00f3n de duplicado. Expedici\u00f3n de c\u00e9dula de identificaci\u00f3n del automotor y del duplicado. La c\u00e9dula para el autorizado a conducir (c\u00e9dula azul). Placas de identificaci\u00f3n provisoria. Clases y vigencia. Reposici\u00f3n de placas met\u00e1licas. Permisos de circulaci\u00f3n para motovehiculos.<\/p><p>UNIDAD N\u00ba 14 Personas jur\u00eddicas. Cambio de denominaci\u00f3n. Inscripci\u00f3n preventiva. Contrato de prenda sobre automotores. Formalidades del contrato. Clases. Su inscripci\u00f3n. Endoso y cancelaci\u00f3n. Reinscripci\u00f3n, modificaci\u00f3n y cancelaci\u00f3n del contrato. Posesi\u00f3n o tenencia. Contrato de leasing. Impuesto de sellos. Impuesto a la radicaci\u00f3n de los automotores. Declaraci\u00f3n jurada de bienes registrales. Impuesto de emergencia. Declaraci\u00f3n jurada N\u00b0 381.<\/p>\t\t\t\t\t\t\t\t<\/div>\n\t\t\t\t<\/div>\n\t\t\t\t\t<\/div>\n\t\t\t\t<\/div>\n\t\t\t\t<\/div>\n\t\t","protected":false},"excerpt":{"rendered":"<p>Curso Mandatario Automotor Fecha Inicio: S\u00e1bado 27\/07\/24 de 9:00 a 14:00 A distancia Duraci\u00f3n 5 cuatrimestres 16 asignaturas Inscripci\u00f3n Envianos por mail o whatsapp (haciendo click en el bot\u00f3n de whatsapp abajo a la derecha) tu nombre completo y diciendo que quer\u00e9s inscribirte en el curso Mandatario del Automotor. A partir de ah\u00ed te contactaremos [&hellip;]<\/p>\n","protected":false},"author":1,"featured_media":0,"parent":0,"menu_order":0,"comment_status":"closed","ping_status":"closed","template":"elementor_header_footer","meta":{"footnotes":""},"class_list":["post-551","page","type-page","status-publish","hentry"],"_links":{"self":[{"href":"https:\/\/agenciaizag.com\/paginas\/web23\/wp-json\/wp\/v2\/pages\/551","targetHints":{"allow":["GET"]}}],"collection":[{"href":"https:\/\/agenciaizag.com\/paginas\/web23\/wp-json\/wp\/v2\/pages"}],"about":[{"href":"https:\/\/agenciaizag.com\/paginas\/web23\/wp-json\/wp\/v2\/types\/page"}],"author":[{"embeddable":true,"href":"https:\/\/agenciaizag.com\/paginas\/web23\/wp-json\/wp\/v2\/users\/1"}],"replies":[{"embeddable":true,"href":"https:\/\/agenciaizag.com\/paginas\/web23\/wp-json\/wp\/v2\/comments?post=551"}],"version-history":[{"count":4,"href":"https:\/\/agenciaizag.com\/paginas\/web23\/wp-json\/wp\/v2\/pages\/551\/revisions"}],"predecessor-version":[{"id":562,"href":"https:\/\/agenciaizag.com\/paginas\/web23\/wp-json\/wp\/v2\/pages\/551\/revisions\/562"}],"wp:attachment":[{"href":"https:\/\/agenciaizag.com\/paginas\/web23\/wp-json\/wp\/v2\/media?parent=551"}],"curies":[{"name":"wp","href":"https:\/\/api.w.org\/{rel}","templated":true}]}}